{"id":568,"date":"2016-11-15T15:10:48","date_gmt":"2016-11-15T15:10:48","guid":{"rendered":"https:\/\/www.lesoundtruck.com\/es\/?page_id=568"},"modified":"2016-11-15T15:42:04","modified_gmt":"2016-11-15T15:42:04","slug":"que-se-puede-hacer-con-le-sound-truck","status":"publish","type":"page","link":"https:\/\/lesoundtruck.prova.cat\/es\/que-se-puede-hacer-con-le-sound-truck\/","title":{"rendered":"Qu\u00e9 se puede hacer con Le Sound Truck?"},"content":{"rendered":"<p>[vc_row full_width=\u00bbstretch_row_content_no_spaces\u00bb][vc_column][vc_row_inner][vc_column_inner el_class=\u00bbestrechar-ancho\u00bb][vc_custom_heading text=\u00bb\u00bfQu\u00e9 se puede hacer con Le Sound Truck?\u00bb font_container=\u00bbtag:h2|text_align:center|color:%231f2d32&#8243; use_theme_fonts=\u00bbyes\u00bb el_class=\u00bbtitulo-info-principal\u00bb][vc_empty_space height=\u00bb60px\u00bb][vc_single_image image=\u00bb374&#8243; img_size=\u00bbfull\u00bb alignment=\u00bbcenter\u00bb][vc_empty_space height=\u00bb18px\u00bb][vc_column_text el_class=\u00bbtext-info\u00bb]<\/p>\n<p style=\"text-align: center;\">CONCIERTOS<\/p>\n<p>[\/vc_column_text][vc_empty_space height=\u00bb40px\u00bb][vc_column_text el_class=\u00bbtext-info\u00bb]<\/p>\n<p class=\"p2\" style=\"text-align: center;\">Le Sound Truck permite organizar peque\u00f1os conciertos en calles y plazas.<br \/>\nLas dimensiones de la plataforma pueden ubicar a una formaci\u00f3n de 5 m\u00fasicos con comodidad.<br \/>\nEst\u00e1 equipado con un sistema de sonido modular de 10.000 w, con el que se podr\u00e1 cubrir un aforo de hasta 500 personas.<\/p>\n<p style=\"text-align: center;\">P.A de 10.0000w \u00b74 monitores \u00b7Set de microfon\u00eda \u00b7Mesa de sonido digital \u00b7Equipo de luces b\u00e1sico.<br \/>\n\u00b7R\u00e1pido de montar y r\u00e1pido de recoger \u00b7Pr\u00e1ctico al 100 %.<\/p>\n<p>[\/vc_column_text][\/vc_column_inner][\/vc_row_inner][\/vc_column][\/vc_row][vc_row full_width=\u00bbstretch_row_content_no_spaces\u00bb el_class=\u00bbancho-total\u00bb][vc_column][vc_single_image image=\u00bb435&#8243; img_size=\u00bbfull\u00bb][\/vc_column][\/vc_row][vc_row full_width=\u00bbstretch_row_content_no_spaces\u00bb][vc_column][vc_row_inner][vc_column_inner el_class=\u00bbestrechar-ancho\u00bb][vc_single_image image=\u00bb375&#8243; img_size=\u00bbfull\u00bb alignment=\u00bbcenter\u00bb el_class=\u00bbimg-marg-top\u00bb][vc_empty_space height=\u00bb18px\u00bb][vc_column_text el_class=\u00bbtext-info\u00bb]<\/p>\n<p style=\"text-align: center;\">DISCOTECA M\u00d3VIL ITINERANTE<\/p>\n<p>[\/vc_column_text][vc_empty_space height=\u00bb40px\u00bb][vc_column_text el_class=\u00bbtext-info\u00bb]<\/p>\n<p class=\"p2\" style=\"text-align: center;\">Sube a tu DJ y haz que d\u00e9 vueltas por todas las calles de la poblaci\u00f3n, lleva la fiesta hasta el \u00faltimo rinc\u00f3n o plaza haciendo bailar a la gente con los mejores ritmos. Sus reducidas dimensiones permiten una gran movilidad.<br \/>\nHaz que la r\u00faa sea m\u00e1s larga y m\u00e1s animada.<br \/>\nSu equipamiento lo hace totalmente aut\u00f3nomo, evitando necesitar apoyo externo.<\/p>\n<p>[\/vc_column_text][\/vc_column_inner][\/vc_row_inner][\/vc_column][\/vc_row][vc_row full_width=\u00bbstretch_row_content_no_spaces\u00bb el_class=\u00bbancho-total\u00bb][vc_column][vc_single_image image=\u00bb413&#8243; img_size=\u00bbfull\u00bb][\/vc_column][\/vc_row][vc_row full_width=\u00bbstretch_row_content_no_spaces\u00bb][vc_column][vc_row_inner][vc_column_inner el_class=\u00bbestrechar-ancho\u00bb][vc_single_image image=\u00bb376&#8243; img_size=\u00bbfull\u00bb alignment=\u00bbcenter\u00bb el_class=\u00bbimg-marg-top\u00bb][vc_empty_space height=\u00bb18px\u00bb][vc_column_text el_class=\u00bbtext-info\u00bb]<\/p>\n<p style=\"text-align: center;\">DISCOTECA M\u00d3VIL EST\u00c1TICA<\/p>\n<p>[\/vc_column_text][vc_empty_space height=\u00bb40px\u00bb][vc_column_text el_class=\u00bbtext-info\u00bb]<\/p>\n<p class=\"p2\" style=\"text-align: center;\">Instala tu fiesta en cualquier sitio, por m\u00e1s escondido que est\u00e9. Imagina un espacio ideal y all\u00ed nos plantamos. Con un solo elemento se tiene escenario, equipo de sonido y de luz espectacular, solo habr\u00e1 que poner el p\u00fablico.<\/p>\n<p>[\/vc_column_text][\/vc_column_inner][\/vc_row_inner][\/vc_column][\/vc_row][vc_row full_width=\u00bbstretch_row_content_no_spaces\u00bb el_class=\u00bbancho-total\u00bb][vc_column][vc_single_image image=\u00bb441&#8243; img_size=\u00bbfull\u00bb][\/vc_column][\/vc_row][vc_row full_width=\u00bbstretch_row_content_no_spaces\u00bb][vc_column][vc_row_inner][vc_column_inner el_class=\u00bbestrechar-ancho\u00bb][vc_single_image image=\u00bb377&#8243; img_size=\u00bbfull\u00bb alignment=\u00bbcenter\u00bb el_class=\u00bbimg-marg-top\u00bb][vc_empty_space height=\u00bb18px\u00bb][vc_column_text el_class=\u00bbtext-info\u00bb]<\/p>\n<p style=\"text-align: center;\">R\u00daAS PARA FIESTAS<\/p>\n<p>[\/vc_column_text][vc_empty_space height=\u00bb40px\u00bb][vc_column_text el_class=\u00bbtext-info\u00bb]<\/p>\n<p class=\"p2\" style=\"text-align: center;\">Los 14 m2 de plataforma con ruedas permitir\u00e1n participar en r\u00faas, desfiles o cualquier tipo de fiesta en la que se necesite estar en movimiento continuamente.<\/p>\n<p style=\"text-align: center;\">\u00b7 10.000 w de sonido adaptable \u00b7 Generadores aut\u00f3nomos incorporados \u00b7 Equipo de luz \u00b7 Garantizan horas de pasear por calles y plazas<\/p>\n<p>[\/vc_column_text][\/vc_column_inner][\/vc_row_inner][\/vc_column][\/vc_row][vc_row full_width=\u00bbstretch_row_content_no_spaces\u00bb el_class=\u00bbancho-total\u00bb][vc_column][vc_single_image image=\u00bb443&#8243; img_size=\u00bbfull\u00bb][\/vc_column][\/vc_row][vc_row full_width=\u00bbstretch_row_content_no_spaces\u00bb][vc_column][vc_row_inner][vc_column_inner el_class=\u00bbestrechar-ancho\u00bb][vc_single_image image=\u00bb378&#8243; img_size=\u00bbfull\u00bb alignment=\u00bbcenter\u00bb el_class=\u00bbimg-marg-top\u00bb][vc_empty_space height=\u00bb18px\u00bb][vc_column_text el_class=\u00bbtext-info\u00bb]<\/p>\n<p style=\"text-align: center;\">ESCENARIO PARA ENTREGA DE PREMIOS, M\u00cdTINES, ETC&#8230;<\/p>\n<p>[\/vc_column_text][vc_empty_space height=\u00bb40px\u00bb][vc_column_text el_class=\u00bbtext-info\u00bb]<\/p>\n<p class=\"p2\" style=\"text-align: center;\">Para cualquier actividad cultural o deportiva, siempre es necesario un escenario y un equipo de sonido.<br \/>\nCon Le Sound Truck, se tendr\u00e1 todo el conjunto a un precio m\u00e1s econ\u00f3mico, se podr\u00e1 hacer el montaje en 30 minutos y la recogida en 25 minutos, dejando libre la plaza o calle r\u00e1pidamente.<br \/>\nEquipado con fondos y faldones, quedar\u00e1 vestido para que la entrega de premios quede m\u00e1s l\u00facida.<\/p>\n<p>[\/vc_column_text][\/vc_column_inner][\/vc_row_inner][\/vc_column][\/vc_row][vc_row full_width=\u00bbstretch_row_content_no_spaces\u00bb el_class=\u00bbancho-total\u00bb][vc_column][vc_single_image image=\u00bb445&#8243; img_size=\u00bbfull\u00bb][\/vc_column][\/vc_row][vc_row full_width=\u00bbstretch_row_content_no_spaces\u00bb][vc_column][vc_row_inner][vc_column_inner el_class=\u00bbestrechar-ancho\u00bb][vc_single_image image=\u00bb379&#8243; img_size=\u00bbfull\u00bb alignment=\u00bbcenter\u00bb el_class=\u00bbimg-marg-top\u00bb][vc_empty_space height=\u00bb18px\u00bb][vc_column_text el_class=\u00bbtext-info\u00bb]<\/p>\n<p style=\"text-align: center;\">PROMOCI\u00d3N DE PRODUCTOS<\/p>\n<p>[\/vc_column_text][vc_empty_space height=\u00bb40px\u00bb][vc_column_text el_class=\u00bbtext-info\u00bb]<\/p>\n<p class=\"p2\" style=\"text-align: center;\">Con el formato m\u00f3vil de Le Sound Truck, se podr\u00e1 preparar cualquier campa\u00f1a de promoci\u00f3n de productos, montando un punto de informaci\u00f3n que se podr\u00e1 trasladar de un lado a otro, y as\u00ed se llegar\u00e1 a m\u00e1s p\u00fablico de un modo inmediato, directo e impactante.<\/p>\n<p>[\/vc_column_text][\/vc_column_inner][\/vc_row_inner][\/vc_column][\/vc_row][vc_row full_width=\u00bbstretch_row_content_no_spaces\u00bb el_class=\u00bbancho-total\u00bb][vc_column][vc_single_image image=\u00bb447&#8243; img_size=\u00bbfull\u00bb][\/vc_column][\/vc_row][vc_row full_width=\u00bbstretch_row_content_no_spaces\u00bb][vc_column][vc_row_inner][vc_column_inner el_class=\u00bbestrechar-ancho\u00bb][vc_single_image image=\u00bb380&#8243; img_size=\u00bbfull\u00bb alignment=\u00bbcenter\u00bb el_class=\u00bbimg-marg-top\u00bb][vc_empty_space height=\u00bb18px\u00bb][vc_column_text el_class=\u00bbtext-info\u00bb]<\/p>\n<p style=\"text-align: center;\">CAMPA\u00d1AS PUBLICITARIAS<\/p>\n<p>[\/vc_column_text][vc_empty_space height=\u00bb40px\u00bb][vc_column_text el_class=\u00bbtext-info\u00bb]<\/p>\n<p class=\"p2\" style=\"text-align: center;\">Sube tu producto encima de Le Sound Truck y haz que d\u00e9 la vuelta por todas partes. Es la forma m\u00e1s pr\u00e1ctica, efectiva y visual de acercar lo que se ofrece al p\u00fablico. Podemos ofrecer tambi\u00e9n falcas sonoras a medida.<\/p>\n<p>[\/vc_column_text][\/vc_column_inner][\/vc_row_inner][\/vc_column][\/vc_row][vc_row full_width=\u00bbstretch_row_content_no_spaces\u00bb el_class=\u00bbancho-total\u00bb][vc_column][vc_single_image image=\u00bb449&#8243; img_size=\u00bbfull\u00bb][\/vc_column][\/vc_row][vc_row full_width=\u00bbstretch_row_content_no_spaces\u00bb][vc_column][vc_row_inner][vc_column_inner el_class=\u00bbestrechar-ancho\u00bb][vc_single_image image=\u00bb381&#8243; img_size=\u00bbfull\u00bb alignment=\u00bbcenter\u00bb el_class=\u00bbimg-marg-top\u00bb][vc_empty_space height=\u00bb18px\u00bb][vc_column_text el_class=\u00bbtext-info\u00bb]<\/p>\n<p style=\"text-align: center;\">PERSONALIZACI\u00d3N A TU GUSTO<\/p>\n<p>[\/vc_column_text][vc_empty_space height=\u00bb40px\u00bb][vc_column_text el_class=\u00bbtext-info\u00bb]<\/p>\n<p class=\"p2\" style=\"text-align: center;\">Le Sound Truck tiene un color neutro, para que se pueda poner la decoraci\u00f3n que uno quiera. Se pueden poner en vinilo logos corporativos, y dise\u00f1ar las campa\u00f1as a medida, para que sean lo m\u00e1s atractivo posible.<\/p>\n<p>[\/vc_column_text][\/vc_column_inner][\/vc_row_inner][\/vc_column][\/vc_row][vc_row full_width=\u00bbstretch_row_content_no_spaces\u00bb el_class=\u00bbancho-total\u00bb][vc_column][vc_single_image image=\u00bb468&#8243; img_size=\u00bbfull\u00bb][\/vc_column][\/vc_row]<\/p>\n","protected":false},"excerpt":{"rendered":"<p>[vc_row full_width=\u00bbstretch_row_content_no_spaces\u00bb][vc_column][vc_row_inner][vc_column_inner el_class=\u00bbestrechar-ancho\u00bb][vc_custom_heading text=\u00bb\u00bfQu\u00e9 se puede hacer con Le Sound Truck?\u00bb font_container=\u00bbtag:h2|text_align:center|color:%231f2d32&#8243; use_theme_fonts=\u00bbyes\u00bb el_class=\u00bbtitulo-info-principal\u00bb][vc_empty_space height=\u00bb60px\u00bb][vc_single_image image=\u00bb374&#8243; img_size=\u00bbfull\u00bb alignment=\u00bbcenter\u00bb][vc_empty_space height=\u00bb18px\u00bb][vc_column_text el_class=\u00bbtext-info\u00bb] CONCIERTOS [\/vc_column_text][vc_empty_space height=\u00bb40px\u00bb][vc_column_text el_class=\u00bbtext-info\u00bb] Le Sound Truck permite organizar peque\u00f1os conciertos en calles y plazas. Las dimensiones de la plataforma pueden ubicar a una formaci\u00f3n de 5 m\u00fasicos con comodidad. Est\u00e1 equipado con un sistema [&hellip;]<\/p>\n","protected":false},"author":1,"featured_media":0,"parent":0,"menu_order":0,"comment_status":"closed","ping_status":"closed","template":"","meta":{"footnotes":""},"class_list":["post-568","page","type-page","status-publish","hentry"],"_links":{"self":[{"href":"https:\/\/lesoundtruck.prova.cat\/es\/wp-json\/wp\/v2\/pages\/568","targetHints":{"allow":["GET"]}}],"collection":[{"href":"https:\/\/lesoundtruck.prova.cat\/es\/wp-json\/wp\/v2\/pages"}],"about":[{"href":"https:\/\/lesoundtruck.prova.cat\/es\/wp-json\/wp\/v2\/types\/page"}],"author":[{"embeddable":true,"href":"https:\/\/lesoundtruck.prova.cat\/es\/wp-json\/wp\/v2\/users\/1"}],"replies":[{"embeddable":true,"href":"https:\/\/lesoundtruck.prova.cat\/es\/wp-json\/wp\/v2\/comments?post=568"}],"version-history":[{"count":3,"href":"https:\/\/lesoundtruck.prova.cat\/es\/wp-json\/wp\/v2\/pages\/568\/revisions"}],"predecessor-version":[{"id":571,"href":"https:\/\/lesoundtruck.prova.cat\/es\/wp-json\/wp\/v2\/pages\/568\/revisions\/571"}],"wp:attachment":[{"href":"https:\/\/lesoundtruck.prova.cat\/es\/wp-json\/wp\/v2\/media?parent=568"}],"curies":[{"name":"wp","href":"https:\/\/api.w.org\/{rel}","templated":true}]}}